{"id":179,"date":"2024-03-10T15:45:13","date_gmt":"2024-03-10T18:45:13","guid":{"rendered":"https:\/\/fbol.top\/pt\/?page_id=179"},"modified":"2024-03-10T15:45:24","modified_gmt":"2024-03-10T18:45:24","slug":"contato","status":"publish","type":"page","link":"https:\/\/fbol.top\/pt\/contato\/","title":{"rendered":"Entre em Contato"},"content":{"rendered":"<p>Se precisar entrar em contato, utilize as informa\u00e7\u00f5es abaixo:<\/p>\n<div>\n<p><strong>Telefone:<\/strong>\u00a0(81) 9814-5778<br \/>\n<strong>E-mail:<\/strong> contato@fbol.top<\/p>\n<\/div>\n","protected":false},"excerpt":{"rendered":"<p>Se precisar entrar em contato, utilize as informa\u00e7\u00f5es abaixo: Telefone:\u00a0(81) 9814-5778 E-mail: contato@fbol.top<\/p>\n","protected":false},"author":1,"featured_media":0,"parent":0,"menu_order":0,"comment_status":"closed","ping_status":"closed","template":"","meta":{"footnotes":""},"class_list":["post-179","page","type-page","status-publish","hentry"],"yoast_head":"<!-- This site is optimized with the Yoast SEO plugin v27.4 - https:\/\/yoast.com\/product\/yoast-seo-wordpress\/ -->\n<title>Entre em Contato - FBOL TOP<\/title>\n<meta name=\"robots\" content=\"index, follow, max-snippet:-1, max-image-preview:large, max-video-preview:-1\" \/>\n<link rel=\"canonical\" href=\"https:\/\/fbol.top\/pt\/contato\/\" \/>\n<meta property=\"og:locale\" content=\"pt_BR\" \/>\n<meta property=\"og:type\" content=\"article\" \/>\n<meta property=\"og:title\" content=\"Entre em Contato - FBOL TOP\" \/>\n<meta property=\"og:description\" content=\"Se precisar entrar em contato, utilize as informa\u00e7\u00f5es abaixo: Telefone:\u00a0(81) 9814-5778 E-mail: contato@fbol.top\" \/>\n<meta property=\"og:url\" content=\"https:\/\/fbol.top\/pt\/contato\/\" \/>\n<meta property=\"og:site_name\" content=\"FBOL TOP\" \/>\n<meta property=\"article:modified_time\" content=\"2024-03-10T18:45:24+00:00\" \/>\n<meta name=\"twitter:card\" content=\"summary_large_image\" \/>\n<meta name=\"twitter:label1\" content=\"Est. tempo de leitura\" \/>\n\t<meta name=\"twitter:data1\" content=\"1 minuto\" \/>\n<script type=\"application\/ld+json\" class=\"yoast-schema-graph\">{\"@context\":\"https:\\\/\\\/schema.org\",\"@graph\":[{\"@type\":\"WebPage\",\"@id\":\"https:\\\/\\\/fbol.top\\\/pt\\\/contato\\\/\",\"url\":\"https:\\\/\\\/fbol.top\\\/pt\\\/contato\\\/\",\"name\":\"Entre em Contato - FBOL TOP\",\"isPartOf\":{\"@id\":\"https:\\\/\\\/fbol.top\\\/pt\\\/#website\"},\"datePublished\":\"2024-03-10T18:45:13+00:00\",\"dateModified\":\"2024-03-10T18:45:24+00:00\",\"breadcrumb\":{\"@id\":\"https:\\\/\\\/fbol.top\\\/pt\\\/contato\\\/#breadcrumb\"},\"inLanguage\":\"pt-BR\",\"potentialAction\":[{\"@type\":\"ReadAction\",\"target\":[\"https:\\\/\\\/fbol.top\\\/pt\\\/contato\\\/\"]}]},{\"@type\":\"BreadcrumbList\",\"@id\":\"https:\\\/\\\/fbol.top\\\/pt\\\/contato\\\/#breadcrumb\",\"itemListElement\":[{\"@type\":\"ListItem\",\"position\":1,\"name\":\"In\u00edcio\",\"item\":\"https:\\\/\\\/fbol.top\\\/pt\\\/\"},{\"@type\":\"ListItem\",\"position\":2,\"name\":\"Entre em Contato\"}]},{\"@type\":\"WebSite\",\"@id\":\"https:\\\/\\\/fbol.top\\\/pt\\\/#website\",\"url\":\"https:\\\/\\\/fbol.top\\\/pt\\\/\",\"name\":\"FBOL TOP\",\"description\":\"Explore o melhor do mundo do futebol em nosso site! Seja voc\u00ea um torcedor apaixonado, um jogador em busca de insights ou simplesmente algu\u00e9m que ama o jogo, oferecemos conte\u00fado exclusivo para saciar sua sede por informa\u00e7\u00f5es sobre o esporte mais popular do mundo. Aqui, voc\u00ea encontrar\u00e1 as \u00faltimas not\u00edcias, an\u00e1lises de jogos, estat\u00edsticas detalhadas de jogadores e equipes, al\u00e9m de artigos envolventes sobre tudo relacionado ao futebol. N\u00e3o perca tempo, junte-se a n\u00f3s e mergulhe de cabe\u00e7a nessa experi\u00eancia \u00fanica!\",\"publisher\":{\"@id\":\"https:\\\/\\\/fbol.top\\\/pt\\\/#organization\"},\"potentialAction\":[{\"@type\":\"SearchAction\",\"target\":{\"@type\":\"EntryPoint\",\"urlTemplate\":\"https:\\\/\\\/fbol.top\\\/pt\\\/?s={search_term_string}\"},\"query-input\":{\"@type\":\"PropertyValueSpecification\",\"valueRequired\":true,\"valueName\":\"search_term_string\"}}],\"inLanguage\":\"pt-BR\"},{\"@type\":\"Organization\",\"@id\":\"https:\\\/\\\/fbol.top\\\/pt\\\/#organization\",\"name\":\"FBOL TOP\",\"url\":\"https:\\\/\\\/fbol.top\\\/pt\\\/\",\"logo\":{\"@type\":\"ImageObject\",\"inLanguage\":\"pt-BR\",\"@id\":\"https:\\\/\\\/fbol.top\\\/pt\\\/#\\\/schema\\\/logo\\\/image\\\/\",\"url\":\"https:\\\/\\\/fbol.top\\\/pt\\\/wp-content\\\/uploads\\\/2024\\\/02\\\/cropped-cropped-fbol-top.png\",\"contentUrl\":\"https:\\\/\\\/fbol.top\\\/pt\\\/wp-content\\\/uploads\\\/2024\\\/02\\\/cropped-cropped-fbol-top.png\",\"width\":1000,\"height\":250,\"caption\":\"FBOL TOP\"},\"image\":{\"@id\":\"https:\\\/\\\/fbol.top\\\/pt\\\/#\\\/schema\\\/logo\\\/image\\\/\"}}]}<\/script>\n<!-- \/ Yoast SEO plugin. -->","yoast_head_json":{"title":"Entre em Contato - FBOL TOP","robots":{"index":"index","follow":"follow","max-snippet":"max-snippet:-1","max-image-preview":"max-image-preview:large","max-video-preview":"max-video-preview:-1"},"canonical":"https:\/\/fbol.top\/pt\/contato\/","og_locale":"pt_BR","og_type":"article","og_title":"Entre em Contato - FBOL TOP","og_description":"Se precisar entrar em contato, utilize as informa\u00e7\u00f5es abaixo: Telefone:\u00a0(81) 9814-5778 E-mail: contato@fbol.top","og_url":"https:\/\/fbol.top\/pt\/contato\/","og_site_name":"FBOL TOP","article_modified_time":"2024-03-10T18:45:24+00:00","twitter_card":"summary_large_image","twitter_misc":{"Est. tempo de leitura":"1 minuto"},"schema":{"@context":"https:\/\/schema.org","@graph":[{"@type":"WebPage","@id":"https:\/\/fbol.top\/pt\/contato\/","url":"https:\/\/fbol.top\/pt\/contato\/","name":"Entre em Contato - FBOL TOP","isPartOf":{"@id":"https:\/\/fbol.top\/pt\/#website"},"datePublished":"2024-03-10T18:45:13+00:00","dateModified":"2024-03-10T18:45:24+00:00","breadcrumb":{"@id":"https:\/\/fbol.top\/pt\/contato\/#breadcrumb"},"inLanguage":"pt-BR","potentialAction":[{"@type":"ReadAction","target":["https:\/\/fbol.top\/pt\/contato\/"]}]},{"@type":"BreadcrumbList","@id":"https:\/\/fbol.top\/pt\/contato\/#breadcrumb","itemListElement":[{"@type":"ListItem","position":1,"name":"In\u00edcio","item":"https:\/\/fbol.top\/pt\/"},{"@type":"ListItem","position":2,"name":"Entre em Contato"}]},{"@type":"WebSite","@id":"https:\/\/fbol.top\/pt\/#website","url":"https:\/\/fbol.top\/pt\/","name":"FBOL TOP","description":"Explore o melhor do mundo do futebol em nosso site! Seja voc\u00ea um torcedor apaixonado, um jogador em busca de insights ou simplesmente algu\u00e9m que ama o jogo, oferecemos conte\u00fado exclusivo para saciar sua sede por informa\u00e7\u00f5es sobre o esporte mais popular do mundo. Aqui, voc\u00ea encontrar\u00e1 as \u00faltimas not\u00edcias, an\u00e1lises de jogos, estat\u00edsticas detalhadas de jogadores e equipes, al\u00e9m de artigos envolventes sobre tudo relacionado ao futebol. N\u00e3o perca tempo, junte-se a n\u00f3s e mergulhe de cabe\u00e7a nessa experi\u00eancia \u00fanica!","publisher":{"@id":"https:\/\/fbol.top\/pt\/#organization"},"potentialAction":[{"@type":"SearchAction","target":{"@type":"EntryPoint","urlTemplate":"https:\/\/fbol.top\/pt\/?s={search_term_string}"},"query-input":{"@type":"PropertyValueSpecification","valueRequired":true,"valueName":"search_term_string"}}],"inLanguage":"pt-BR"},{"@type":"Organization","@id":"https:\/\/fbol.top\/pt\/#organization","name":"FBOL TOP","url":"https:\/\/fbol.top\/pt\/","logo":{"@type":"ImageObject","inLanguage":"pt-BR","@id":"https:\/\/fbol.top\/pt\/#\/schema\/logo\/image\/","url":"https:\/\/fbol.top\/pt\/wp-content\/uploads\/2024\/02\/cropped-cropped-fbol-top.png","contentUrl":"https:\/\/fbol.top\/pt\/wp-content\/uploads\/2024\/02\/cropped-cropped-fbol-top.png","width":1000,"height":250,"caption":"FBOL TOP"},"image":{"@id":"https:\/\/fbol.top\/pt\/#\/schema\/logo\/image\/"}}]}},"_links":{"self":[{"href":"https:\/\/fbol.top\/pt\/wp-json\/wp\/v2\/pages\/179","targetHints":{"allow":["GET"]}}],"collection":[{"href":"https:\/\/fbol.top\/pt\/wp-json\/wp\/v2\/pages"}],"about":[{"href":"https:\/\/fbol.top\/pt\/wp-json\/wp\/v2\/types\/page"}],"author":[{"embeddable":true,"href":"https:\/\/fbol.top\/pt\/wp-json\/wp\/v2\/users\/1"}],"replies":[{"embeddable":true,"href":"https:\/\/fbol.top\/pt\/wp-json\/wp\/v2\/comments?post=179"}],"version-history":[{"count":2,"href":"https:\/\/fbol.top\/pt\/wp-json\/wp\/v2\/pages\/179\/revisions"}],"predecessor-version":[{"id":181,"href":"https:\/\/fbol.top\/pt\/wp-json\/wp\/v2\/pages\/179\/revisions\/181"}],"wp:attachment":[{"href":"https:\/\/fbol.top\/pt\/wp-json\/wp\/v2\/media?parent=179"}],"curies":[{"name":"wp","href":"https:\/\/api.w.org\/{rel}","templated":true}]}}